{"id":40825,"date":"2025-10-05T21:46:04","date_gmt":"2025-10-05T19:46:04","guid":{"rendered":"http:\/\/localhost\/puit\/?page_id=40825"},"modified":"2025-11-23T21:40:39","modified_gmt":"2025-11-23T20:40:39","slug":"valotech","status":"publish","type":"page","link":"https:\/\/www.puit-utm.com\/?page_id=40825","title":{"rendered":"VALOTECH"},"content":{"rendered":"\t\t<div data-elementor-type=\"wp-page\" data-elementor-id=\"40825\" class=\"elementor elementor-40825\">\n\t\t\t\t<div class=\"elementor-element elementor-element-6a1c38c e-flex e-con-boxed e-con e-parent\" data-id=\"6a1c38c\" data-element_type=\"container\" data-e-type=\"container\">\n\t\t\t\t\t<div class=\"e-con-inner\">\n\t\t<div class=\"elementor-element elementor-element-5aab671 e-con-full e-flex e-con e-child\" data-id=\"5aab671\" data-element_type=\"container\" data-e-type=\"container\">\n\t\t\t\t<\/div>\n\t\t<div class=\"elementor-element elementor-element-9c4fa95 e-con-full e-flex e-con e-child\" data-id=\"9c4fa95\" data-element_type=\"container\" data-e-type=\"container\">\n\t\t\t\t<\/div>\n\t\t<div class=\"elementor-element elementor-element-b2f29ae e-con-full e-flex e-con e-child\" data-id=\"b2f29ae\" data-element_type=\"container\" data-e-type=\"container\">\n\t\t\t\t<div class=\"elementor-element elementor-element-1154dc6 elementor-invisible elementor-widget elementor-widget-image\" data-id=\"1154dc6\" data-element_type=\"widget\" data-e-type=\"widget\" data-settings=\"{&quot;_animation&quot;:&quot;zoomIn&quot;}\" data-widget_type=\"image.default\">\n\t\t\t\t<div class=\"elementor-widget-container\">\n\t\t\t\t\t\t\t\t\t\t\t\t\t\t\t\t<a href=\"https:\/\/valotechlab.com\/\">\n\t\t\t\t\t\t\t<img fetchpriority=\"high\" decoding=\"async\" width=\"225\" height=\"225\" src=\"https:\/\/www.puit-utm.com\/wp-content\/uploads\/2025\/11\/WhatsApp-Image-2025-11-23-a-20.05.19_90cbca80.jpg\" class=\"attachment-large size-large wp-image-41147\" alt=\"\" srcset=\"https:\/\/www.puit-utm.com\/wp-content\/uploads\/2025\/11\/WhatsApp-Image-2025-11-23-a-20.05.19_90cbca80.jpg 225w, https:\/\/www.puit-utm.com\/wp-content\/uploads\/2025\/11\/WhatsApp-Image-2025-11-23-a-20.05.19_90cbca80-150x150.jpg 150w\" sizes=\"(max-width: 225px) 100vw, 225px\" \/>\t\t\t\t\t\t\t\t<\/a>\n\t\t\t\t\t\t\t\t\t\t\t\t\t\t\t<\/div>\n\t\t\t\t<\/div>\n\t\t\t\t<div class=\"elementor-element elementor-element-0b24388 elementor-invisible elementor-widget elementor-widget-image\" data-id=\"0b24388\" data-element_type=\"widget\" data-e-type=\"widget\" data-settings=\"{&quot;_animation&quot;:&quot;zoomIn&quot;}\" data-widget_type=\"image.default\">\n\t\t\t\t<div class=\"elementor-widget-container\">\n\t\t\t\t\t\t\t\t\t\t\t\t\t\t\t\t<a href=\"https:\/\/valotechlab.com\/\">\n\t\t\t\t\t\t\t<img decoding=\"async\" width=\"1024\" height=\"238\" src=\"https:\/\/www.puit-utm.com\/wp-content\/uploads\/2025\/11\/Capture-decran-2025-11-23-202048-1024x238.png\" class=\"attachment-large size-large wp-image-41167\" alt=\"\" srcset=\"https:\/\/www.puit-utm.com\/wp-content\/uploads\/2025\/11\/Capture-decran-2025-11-23-202048-1024x238.png 1024w, https:\/\/www.puit-utm.com\/wp-content\/uploads\/2025\/11\/Capture-decran-2025-11-23-202048-300x70.png 300w, https:\/\/www.puit-utm.com\/wp-content\/uploads\/2025\/11\/Capture-decran-2025-11-23-202048-768x179.png 768w, https:\/\/www.puit-utm.com\/wp-content\/uploads\/2025\/11\/Capture-decran-2025-11-23-202048-1536x357.png 1536w, https:\/\/www.puit-utm.com\/wp-content\/uploads\/2025\/11\/Capture-decran-2025-11-23-202048.png 1879w\" sizes=\"(max-width: 1024px) 100vw, 1024px\" \/>\t\t\t\t\t\t\t\t<\/a>\n\t\t\t\t\t\t\t\t\t\t\t\t\t\t\t<\/div>\n\t\t\t\t<\/div>\n\t\t\t\t<div class=\"elementor-element elementor-element-c2d717f elementor-invisible elementor-widget elementor-widget-text-editor\" data-id=\"c2d717f\" data-element_type=\"widget\" data-e-type=\"widget\" data-settings=\"{&quot;_animation&quot;:&quot;fadeInLeft&quot;}\" data-widget_type=\"text-editor.default\">\n\t\t\t\t<div class=\"elementor-widget-container\">\n\t\t\t\t\t\t\t\t\t<h4 class=\"mb-0\">Favoriser la collaboration : Le portail de Valotech Lab vers l&rsquo;innovation technologique et la r\u00e9ussite commerciale<\/h4><p class=\"mb-4 wow fadeInUp\" data-wow-delay=\"0.4s\">Bienvenue \u00e0 Valotech Lab, o\u00f9 nous facilitons les connexions entre les fournisseurs de technologie __tels que les innovateurs, les laboratoires, les startups et les universit\u00e9s__ et les facilitateurs du march\u00e9, y compris les entreprises, les experts et les investisseurs, afin de stimuler l&rsquo;innovation et de favoriser la croissance.<\/p><p class=\"mb-4 wow fadeInUp\" data-wow-delay=\"0.6s\">Gr\u00e2ce \u00e0 notre plateforme, les acteurs du march\u00e9 b\u00e9n\u00e9ficient d&rsquo;un acc\u00e8s exclusif \u00e0 un \u00e9cosyst\u00e8me dynamique de startups, de projets r\u00e9volutionnaires et de talents de premier plan. Nous offrons des postes de travail adapt\u00e9s et des programmes de formation complets pour am\u00e9liorer les comp\u00e9tences et stimuler la pens\u00e9e cr\u00e9ative. Rejoignez-nous pour fa\u00e7onner l&rsquo;avenir de l&rsquo;innovation d\u00e8s aujourd&rsquo;hui.<\/p>\t\t\t\t\t\t\t\t<\/div>\n\t\t\t\t<\/div>\n\t\t\t\t<div class=\"elementor-element elementor-element-59a7120 elementor-button-success elementor-align-center elementor-invisible elementor-widget elementor-widget-button\" data-id=\"59a7120\" data-element_type=\"widget\" data-e-type=\"widget\" data-settings=\"{&quot;_animation&quot;:&quot;rotateIn&quot;}\" data-widget_type=\"button.default\">\n\t\t\t\t<div class=\"elementor-widget-container\">\n\t\t\t\t\t\t\t\t\t<div class=\"elementor-button-wrapper\">\n\t\t\t\t\t<a class=\"elementor-button elementor-button-link elementor-size-sm\" href=\"https:\/\/valotechlab.com\/\">\n\t\t\t\t\t\t<span class=\"elementor-button-content-wrapper\">\n\t\t\t\t\t\t\t\t\t<span class=\"elementor-button-text\">ACCEDER AU SITE VALOTECHLAB<\/span>\n\t\t\t\t\t<\/span>\n\t\t\t\t\t<\/a>\n\t\t\t\t<\/div>\n\t\t\t\t\t\t\t\t<\/div>\n\t\t\t\t<\/div>\n\t\t\t\t<div class=\"elementor-element elementor-element-9e0ec6e elementor-invisible elementor-widget elementor-widget-text-editor\" data-id=\"9e0ec6e\" data-element_type=\"widget\" data-e-type=\"widget\" data-settings=\"{&quot;_animation&quot;:&quot;slideInRight&quot;}\" data-widget_type=\"text-editor.default\">\n\t\t\t\t<div class=\"elementor-widget-container\">\n\t\t\t\t\t\t\t\t\t<h2 class=\"mb-0\">Am\u00e9liorez votre parcours avec ValoTech Lab<\/h2><p>Bienvenue \u00e0 ValoTech Lab! Notre plateforme offre une gamme de profils sur mesure pour soutenir et renforcer les diff\u00e9rents acteurs de l&rsquo;\u00e9cosyst\u00e8me de l&rsquo;innovation. D\u00e9couvrez les avantages et les opportunit\u00e9s propres \u00e0 chaque profil.<\/p><h5>Cliquez sur les profils ci-dessous pour en savoir plus et passer \u00e0 l&rsquo;\u00e9tape suivante de votre parcours.<\/h5>\t\t\t\t\t\t\t\t<\/div>\n\t\t\t\t<\/div>\n\t\t\t\t<\/div>\n\t\t\t\t\t<\/div>\n\t\t\t\t<\/div>\n\t\t<div class=\"elementor-element elementor-element-4acfde2 e-grid e-con-boxed elementor-invisible e-con e-parent\" data-id=\"4acfde2\" data-element_type=\"container\" data-e-type=\"container\" data-settings=\"{&quot;animation&quot;:&quot;rollIn&quot;}\">\n\t\t\t\t\t<div class=\"e-con-inner\">\n\t\t\t\t<div class=\"elementor-element elementor-element-3786795 elementor-position-top elementor-widget elementor-widget-image-box\" data-id=\"3786795\" data-element_type=\"widget\" data-e-type=\"widget\" data-widget_type=\"image-box.default\">\n\t\t\t\t<div class=\"elementor-widget-container\">\n\t\t\t\t\t<div class=\"elementor-image-box-wrapper\"><figure class=\"elementor-image-box-img\"><a href=\"https:\/\/valotechlab.com\/connexion-entreprise\" tabindex=\"-1\"><img decoding=\"async\" width=\"385\" height=\"175\" src=\"https:\/\/www.puit-utm.com\/wp-content\/uploads\/2025\/11\/entreprise1.png\" class=\"attachment-full size-full wp-image-41203\" alt=\"\" srcset=\"https:\/\/www.puit-utm.com\/wp-content\/uploads\/2025\/11\/entreprise1.png 385w, https:\/\/www.puit-utm.com\/wp-content\/uploads\/2025\/11\/entreprise1-300x136.png 300w\" sizes=\"(max-width: 385px) 100vw, 385px\" \/><\/a><\/figure><div class=\"elementor-image-box-content\"><h3 class=\"elementor-image-box-title\"><a href=\"https:\/\/valotechlab.com\/connexion-entreprise\">Espace Entreprise<\/a><\/h3><p class=\"elementor-image-box-description\">G\u00e9rez les activit\u00e9s de votre entreprise, acc\u00e9dez aux programmes d'incubation, prot\u00e9gez votre propri\u00e9t\u00e9 intellectuelle, pr\u00e9sentez-vous aux investisseurs et collaborez avec des experts.\n<\/p><\/div><\/div>\t\t\t\t<\/div>\n\t\t\t\t<\/div>\n\t\t\t\t<div class=\"elementor-element elementor-element-3cbf9f0 elementor-position-top elementor-widget elementor-widget-image-box\" data-id=\"3cbf9f0\" data-element_type=\"widget\" data-e-type=\"widget\" data-widget_type=\"image-box.default\">\n\t\t\t\t<div class=\"elementor-widget-container\">\n\t\t\t\t\t<div class=\"elementor-image-box-wrapper\"><figure class=\"elementor-image-box-img\"><a href=\"https:\/\/valotechlab.com\/connexion-banque\" tabindex=\"-1\"><img loading=\"lazy\" decoding=\"async\" width=\"406\" height=\"164\" src=\"https:\/\/www.puit-utm.com\/wp-content\/uploads\/2025\/11\/invest.png\" class=\"attachment-full size-full wp-image-41204\" alt=\"\" srcset=\"https:\/\/www.puit-utm.com\/wp-content\/uploads\/2025\/11\/invest.png 406w, https:\/\/www.puit-utm.com\/wp-content\/uploads\/2025\/11\/invest-300x121.png 300w\" sizes=\"(max-width: 406px) 100vw, 406px\" \/><\/a><\/figure><div class=\"elementor-image-box-content\"><h3 class=\"elementor-image-box-title\"><a href=\"https:\/\/valotechlab.com\/connexion-banque\">Espace investisseur<\/a><\/h3><p class=\"elementor-image-box-description\">Connect with experts, explore innovative projects and startups, attend exclusive events, and make informed decisions.<\/p><\/div><\/div>\t\t\t\t<\/div>\n\t\t\t\t<\/div>\n\t\t\t\t<div class=\"elementor-element elementor-element-3a4c1e9 elementor-position-top elementor-widget elementor-widget-image-box\" data-id=\"3a4c1e9\" data-element_type=\"widget\" data-e-type=\"widget\" data-widget_type=\"image-box.default\">\n\t\t\t\t<div class=\"elementor-widget-container\">\n\t\t\t\t\t<div class=\"elementor-image-box-wrapper\"><figure class=\"elementor-image-box-img\"><a href=\"https:\/\/valotechlab.com\/connexion-start-up\" tabindex=\"-1\"><img loading=\"lazy\" decoding=\"async\" width=\"391\" height=\"169\" src=\"https:\/\/www.puit-utm.com\/wp-content\/uploads\/2025\/11\/startup.png\" class=\"attachment-full size-full wp-image-41208\" alt=\"\" srcset=\"https:\/\/www.puit-utm.com\/wp-content\/uploads\/2025\/11\/startup.png 391w, https:\/\/www.puit-utm.com\/wp-content\/uploads\/2025\/11\/startup-300x130.png 300w\" sizes=\"(max-width: 391px) 100vw, 391px\" \/><\/a><\/figure><div class=\"elementor-image-box-content\"><h3 class=\"elementor-image-box-title\"><a href=\"https:\/\/valotechlab.com\/connexion-start-up\">Espace Startup<\/a><\/h3><p class=\"elementor-image-box-description\">G\u00e9rez les op\u00e9rations de votre startup, acc\u00e9dez aux programmes d'incubation, prot\u00e9gez votre propri\u00e9t\u00e9 intellectuelle, pr\u00e9sentez-vous aux investisseurs et collaborez avec des experts.<\/p><\/div><\/div>\t\t\t\t<\/div>\n\t\t\t\t<\/div>\n\t\t\t\t<div class=\"elementor-element elementor-element-ed02c92 elementor-position-top elementor-widget elementor-widget-image-box\" data-id=\"ed02c92\" data-element_type=\"widget\" data-e-type=\"widget\" data-widget_type=\"image-box.default\">\n\t\t\t\t<div class=\"elementor-widget-container\">\n\t\t\t\t\t<div class=\"elementor-image-box-wrapper\"><figure class=\"elementor-image-box-img\"><a href=\"https:\/\/valotechlab.com\/connexion-institution\" tabindex=\"-1\"><img loading=\"lazy\" decoding=\"async\" width=\"386\" height=\"165\" src=\"https:\/\/www.puit-utm.com\/wp-content\/uploads\/2025\/11\/organi.png\" class=\"attachment-full size-full wp-image-41212\" alt=\"\" srcset=\"https:\/\/www.puit-utm.com\/wp-content\/uploads\/2025\/11\/organi.png 386w, https:\/\/www.puit-utm.com\/wp-content\/uploads\/2025\/11\/organi-300x128.png 300w\" sizes=\"(max-width: 386px) 100vw, 386px\" \/><\/a><\/figure><div class=\"elementor-image-box-content\"><h3 class=\"elementor-image-box-title\"><a href=\"https:\/\/valotechlab.com\/connexion-institution\">Espace Organisations<\/a><\/h3><p class=\"elementor-image-box-description\">G\u00e9rez les comptes utilisateurs de votre organisation, acc\u00e9dez aux r\u00e9seaux d'experts, collaborez par le biais de programmes, g\u00e9rez les r\u00e9servations, fournissez des postes de travail et cr\u00e9ez des offres d'emploi.<\/p><\/div><\/div>\t\t\t\t<\/div>\n\t\t\t\t<\/div>\n\t\t\t\t<div class=\"elementor-element elementor-element-358e948 elementor-position-top elementor-widget elementor-widget-image-box\" data-id=\"358e948\" data-element_type=\"widget\" data-e-type=\"widget\" data-widget_type=\"image-box.default\">\n\t\t\t\t<div class=\"elementor-widget-container\">\n\t\t\t\t\t<div class=\"elementor-image-box-wrapper\"><figure class=\"elementor-image-box-img\"><a href=\"https:\/\/valotechlab.com\/connexion-universite\" tabindex=\"-1\"><img loading=\"lazy\" decoding=\"async\" width=\"386\" height=\"168\" src=\"https:\/\/www.puit-utm.com\/wp-content\/uploads\/2025\/11\/universite.png\" class=\"attachment-full size-full wp-image-41216\" alt=\"\" srcset=\"https:\/\/www.puit-utm.com\/wp-content\/uploads\/2025\/11\/universite.png 386w, https:\/\/www.puit-utm.com\/wp-content\/uploads\/2025\/11\/universite-300x131.png 300w\" sizes=\"(max-width: 386px) 100vw, 386px\" \/><\/a><\/figure><div class=\"elementor-image-box-content\"><h3 class=\"elementor-image-box-title\"><a href=\"https:\/\/valotechlab.com\/connexion-universite\">Espace Universit\u00e9<\/a><\/h3><p class=\"elementor-image-box-description\">Manage user accounts, connect with experts, collaborate with industry leaders, showcase your projects , and create job offers. Key Features: Exclusive events, professional training, career opportunities, flexible workspaces.<\/p><\/div><\/div>\t\t\t\t<\/div>\n\t\t\t\t<\/div>\n\t\t\t\t<div class=\"elementor-element elementor-element-674c844 elementor-position-top elementor-widget elementor-widget-image-box\" data-id=\"674c844\" data-element_type=\"widget\" data-e-type=\"widget\" data-widget_type=\"image-box.default\">\n\t\t\t\t<div class=\"elementor-widget-container\">\n\t\t\t\t\t<div class=\"elementor-image-box-wrapper\"><figure class=\"elementor-image-box-img\"><a href=\"https:\/\/valotechlab.com\/connexion-projet\" tabindex=\"-1\"><img loading=\"lazy\" decoding=\"async\" width=\"385\" height=\"167\" src=\"https:\/\/www.puit-utm.com\/wp-content\/uploads\/2025\/11\/propriztz.png\" class=\"attachment-full size-full wp-image-41220\" alt=\"\" srcset=\"https:\/\/www.puit-utm.com\/wp-content\/uploads\/2025\/11\/propriztz.png 385w, https:\/\/www.puit-utm.com\/wp-content\/uploads\/2025\/11\/propriztz-300x130.png 300w\" sizes=\"(max-width: 385px) 100vw, 385px\" \/><\/a><\/figure><div class=\"elementor-image-box-content\"><h3 class=\"elementor-image-box-title\"><a href=\"https:\/\/valotechlab.com\/connexion-projet\">Espace propri\u00e9taire du projet<\/a><\/h3><p class=\"elementor-image-box-description\">Soumettez vos id\u00e9es de projet, collaborez avec la communaut\u00e9 et acc\u00e9dez \u00e0 des programmes d'incubation et d'acc\u00e9l\u00e9ration pour commercialiser vos id\u00e9es.\n<\/p><\/div><\/div>\t\t\t\t<\/div>\n\t\t\t\t<\/div>\n\t\t\t\t<div class=\"elementor-element elementor-element-c6749d4 elementor-position-top elementor-widget elementor-widget-image-box\" data-id=\"c6749d4\" data-element_type=\"widget\" data-e-type=\"widget\" data-widget_type=\"image-box.default\">\n\t\t\t\t<div class=\"elementor-widget-container\">\n\t\t\t\t\t<div class=\"elementor-image-box-wrapper\"><figure class=\"elementor-image-box-img\"><a href=\"https:\/\/valotechlab.com\/connexion-formateur\" tabindex=\"-1\"><img loading=\"lazy\" decoding=\"async\" width=\"384\" height=\"166\" src=\"https:\/\/www.puit-utm.com\/wp-content\/uploads\/2025\/11\/expert.png\" class=\"attachment-full size-full wp-image-41224\" alt=\"\" srcset=\"https:\/\/www.puit-utm.com\/wp-content\/uploads\/2025\/11\/expert.png 384w, https:\/\/www.puit-utm.com\/wp-content\/uploads\/2025\/11\/expert-300x130.png 300w\" sizes=\"(max-width: 384px) 100vw, 384px\" \/><\/a><\/figure><div class=\"elementor-image-box-content\"><h3 class=\"elementor-image-box-title\"><a href=\"https:\/\/valotechlab.com\/connexion-formateur\">Espace Expert<\/a><\/h3><p class=\"elementor-image-box-description\">Collaborez avec des startups et des entreprises, g\u00e9rez vos rendez-vous et acc\u00e9dez \u00e0 des postes de travail d\u00e9di\u00e9s, con\u00e7us pour les experts.\n<\/p><\/div><\/div>\t\t\t\t<\/div>\n\t\t\t\t<\/div>\n\t\t\t\t<div class=\"elementor-element elementor-element-655a4af elementor-position-top elementor-widget elementor-widget-image-box\" data-id=\"655a4af\" data-element_type=\"widget\" data-e-type=\"widget\" data-widget_type=\"image-box.default\">\n\t\t\t\t<div class=\"elementor-widget-container\">\n\t\t\t\t\t<div class=\"elementor-image-box-wrapper\"><figure class=\"elementor-image-box-img\"><a href=\"https:\/\/valotechlab.com\/connexion-membre\" tabindex=\"-1\"><img loading=\"lazy\" decoding=\"async\" width=\"385\" height=\"169\" src=\"https:\/\/www.puit-utm.com\/wp-content\/uploads\/2025\/11\/membre.png\" class=\"attachment-full size-full wp-image-41228\" alt=\"\" srcset=\"https:\/\/www.puit-utm.com\/wp-content\/uploads\/2025\/11\/membre.png 385w, https:\/\/www.puit-utm.com\/wp-content\/uploads\/2025\/11\/membre-300x132.png 300w\" sizes=\"(max-width: 385px) 100vw, 385px\" \/><\/a><\/figure><div class=\"elementor-image-box-content\"><h3 class=\"elementor-image-box-title\"><a href=\"https:\/\/valotechlab.com\/connexion-membre\">Espace Entreprise<\/a><\/h3><p class=\"elementor-image-box-description\">Rejoignez notre communaut\u00e9 en tant que membre et acc\u00e9dez \u00e0 des \u00e9v\u00e9nements exclusifs, des programmes de d\u00e9veloppement professionnel, des opportunit\u00e9s d'emploi et des postes de travail flexibles.\n<\/p><\/div><\/div>\t\t\t\t<\/div>\n\t\t\t\t<\/div>\n\t\t\t\t\t<\/div>\n\t\t\t\t<\/div>\n\t\t<div class=\"elementor-element elementor-element-b9c2de9 e-flex e-con-boxed elementor-invisible e-con e-parent\" data-id=\"b9c2de9\" data-element_type=\"container\" data-e-type=\"container\" data-settings=\"{&quot;animation&quot;:&quot;slideInUp&quot;}\">\n\t\t\t\t\t<div class=\"e-con-inner\">\n\t\t\t\t<div class=\"elementor-element elementor-element-0c2c07c elementor-widget elementor-widget-image\" data-id=\"0c2c07c\" data-element_type=\"widget\" data-e-type=\"widget\" data-widget_type=\"image.default\">\n\t\t\t\t<div class=\"elementor-widget-container\">\n\t\t\t\t\t\t\t\t\t\t\t\t\t\t\t<img loading=\"lazy\" decoding=\"async\" width=\"905\" height=\"398\" src=\"https:\/\/www.puit-utm.com\/wp-content\/uploads\/2025\/11\/Capture-decran-2025-11-23-212019.png\" class=\"attachment-large size-large wp-image-41232\" alt=\"\" srcset=\"https:\/\/www.puit-utm.com\/wp-content\/uploads\/2025\/11\/Capture-decran-2025-11-23-212019.png 905w, https:\/\/www.puit-utm.com\/wp-content\/uploads\/2025\/11\/Capture-decran-2025-11-23-212019-300x132.png 300w, https:\/\/www.puit-utm.com\/wp-content\/uploads\/2025\/11\/Capture-decran-2025-11-23-212019-768x338.png 768w\" sizes=\"(max-width: 905px) 100vw, 905px\" \/>\t\t\t\t\t\t\t\t\t\t\t\t\t\t\t<\/div>\n\t\t\t\t<\/div>\n\t\t\t\t\t<\/div>\n\t\t\t\t<\/div>\n\t\t\t\t<\/div>\n\t\t","protected":false},"excerpt":{"rendered":"<p>Favoriser la collaboration : Le portail de Valotech Lab vers l&rsquo;innovation technologique et la r\u00e9ussite commerciale Bienvenue \u00e0 Valotech Lab, o\u00f9 nous facilitons les connexions entre les fournisseurs de technologie __tels que les innovateurs, les laboratoires, les startups et les universit\u00e9s__ et les facilitateurs du march\u00e9, y compris les entreprises, les experts et les investisseurs, [&hellip;]<\/p>\n","protected":false},"author":1,"featured_media":0,"parent":0,"menu_order":0,"comment_status":"closed","ping_status":"closed","template":"","meta":{"site-sidebar-layout":"no-sidebar","site-content-layout":"page-builder","ast-site-content-layout":"full-width-container","site-content-style":"default","site-sidebar-style":"default","ast-global-header-display":"","ast-banner-title-visibility":"","ast-main-header-display":"","ast-hfb-above-header-display":"","ast-hfb-below-header-display":"","ast-hfb-mobile-header-display":"","site-post-title":"disabled","ast-breadcrumbs-content":"","ast-featured-img":"disabled","footer-sml-layout":"","theme-transparent-header-meta":"","adv-header-id-meta":"","stick-header-meta":"","header-above-stick-meta":"","header-main-stick-meta":"","header-below-stick-meta":"","astra-migrate-meta-layouts":"default","ast-page-background-enabled":"default","ast-page-background-meta":{"desktop":{"background-color":"var(--ast-global-color-4)","background-image":"","background-repeat":"repeat","background-position":"center center","background-size":"auto","background-attachment":"scroll","background-type":"","background-media":"","overlay-type":"","overlay-color":"","overlay-opacity":"","overlay-gradient":""},"tablet":{"background-color":"","background-image":"","background-repeat":"repeat","background-position":"center center","background-size":"auto","background-attachment":"scroll","background-type":"","background-media":"","overlay-type":"","overlay-color":"","overlay-opacity":"","overlay-gradient":""},"mobile":{"background-color":"","background-image":"","background-repeat":"repeat","background-position":"center center","background-size":"auto","background-attachment":"scroll","background-type":"","background-media":"","overlay-type":"","overlay-color":"","overlay-opacity":"","overlay-gradient":""}},"ast-content-background-meta":{"desktop":{"background-color":"var(--ast-global-color-5)","background-image":"","background-repeat":"repeat","background-position":"center center","background-size":"auto","background-attachment":"scroll","background-type":"","background-media":"","overlay-type":"","overlay-color":"","overlay-opacity":"","overlay-gradient":""},"tablet":{"background-color":"var(--ast-global-color-5)","background-image":"","background-repeat":"repeat","background-position":"center center","background-size":"auto","background-attachment":"scroll","background-type":"","background-media":"","overlay-type":"","overlay-color":"","overlay-opacity":"","overlay-gradient":""},"mobile":{"background-color":"var(--ast-global-color-5)","background-image":"","background-repeat":"repeat","background-position":"center center","background-size":"auto","background-attachment":"scroll","background-type":"","background-media":"","overlay-type":"","overlay-color":"","overlay-opacity":"","overlay-gradient":""}},"footnotes":""},"class_list":["post-40825","page","type-page","status-publish","hentry"],"_links":{"self":[{"href":"https:\/\/www.puit-utm.com\/index.php?rest_route=\/wp\/v2\/pages\/40825","targetHints":{"allow":["GET"]}}],"collection":[{"href":"https:\/\/www.puit-utm.com\/index.php?rest_route=\/wp\/v2\/pages"}],"about":[{"href":"https:\/\/www.puit-utm.com\/index.php?rest_route=\/wp\/v2\/types\/page"}],"author":[{"embeddable":true,"href":"https:\/\/www.puit-utm.com\/index.php?rest_route=\/wp\/v2\/users\/1"}],"replies":[{"embeddable":true,"href":"https:\/\/www.puit-utm.com\/index.php?rest_route=%2Fwp%2Fv2%2Fcomments&post=40825"}],"version-history":[{"count":124,"href":"https:\/\/www.puit-utm.com\/index.php?rest_route=\/wp\/v2\/pages\/40825\/revisions"}],"predecessor-version":[{"id":41266,"href":"https:\/\/www.puit-utm.com\/index.php?rest_route=\/wp\/v2\/pages\/40825\/revisions\/41266"}],"wp:attachment":[{"href":"https:\/\/www.puit-utm.com\/index.php?rest_route=%2Fwp%2Fv2%2Fmedia&parent=40825"}],"curies":[{"name":"wp","href":"https:\/\/api.w.org\/{rel}","templated":true}]}}